{"id":99,"date":"2016-12-08T14:24:09","date_gmt":"2016-12-08T14:24:09","guid":{"rendered":"http:\/\/culturaliagz.com\/?page_id=99"},"modified":"2017-02-07T14:00:18","modified_gmt":"2017-02-07T14:00:18","slug":"contacto","status":"publish","type":"page","link":"http:\/\/culturaliagz.com\/?page_id=99","title":{"rendered":"Contacto"},"content":{"rendered":"<p>[et_pb_section admin_label=&#8221;section&#8221; background_image=&#8221;http:\/\/culturaliagz.com\/wp-content\/uploads\/2016\/12\/IMG_1653.jpg&#8221; transparent_background=&#8221;off&#8221; allow_player_pause=&#8221;off&#8221; inner_shadow=&#8221;off&#8221; parallax=&#8221;off&#8221; parallax_method=&#8221;off&#8221; padding_mobile=&#8221;off&#8221; make_fullwidth=&#8221;off&#8221; use_custom_width=&#8221;off&#8221; width_unit=&#8221;on&#8221; make_equal=&#8221;off&#8221; use_custom_gutter=&#8221;off&#8221;][et_pb_row admin_label=&#8221;row&#8221;][et_pb_column type=&#8221;4_4&#8243;][et_pb_text admin_label=&#8221;Texto&#8221; background_layout=&#8221;dark&#8221; text_orientation=&#8221;left&#8221; use_border_color=&#8221;off&#8221; border_color=&#8221;#ffffff&#8221; border_style=&#8221;solid&#8221; header_font=&#8221;Indie Flower||||&#8221; header_text_color=&#8221;#0c71c3&#8243; text_text_color=&#8221;#0c00ff&#8221; custom_css_main_element=&#8221;background-color: #E0ECFF;||color: #3E3EFF;||opacity: 0.9;||height: 100%;||Widht: 100%;&#8221;]<\/p>\n<h2><span style=\"color: #0000ff;\">Contacta con n\u00f3s<\/span><\/h2>\n<p>A cultura am\u00f3sase en todas as formas de vida co\u00f1ecida. Por iso, eu digo que \u00e9 como unha \u00e1rbore, medra e exp\u00e1ndese pola s\u00faas p\u00f3las en forma de folla, que m\u00e1is tarde o vento levar\u00e1 a todos os lugares.<\/p>\n<p>[\/et_pb_text][et_pb_contact_form admin_label=&#8221;Formulario de contacto&#8221; captcha=&#8221;on&#8221; email=&#8221;info@culturaliagz.com&#8221; use_redirect=&#8221;off&#8221; input_border_radius=&#8221;0&#8243; use_border_color=&#8221;off&#8221; border_color=&#8221;#ffffff&#8221; border_style=&#8221;solid&#8221; custom_button=&#8221;off&#8221; button_letter_spacing=&#8221;0&#8243; button_use_icon=&#8221;default&#8221; button_icon_placement=&#8221;right&#8221; button_on_hover=&#8221;on&#8221; button_letter_spacing_hover=&#8221;0&#8243; success_message=&#8221;A t\u00faa mensaxe enviouse con \u00e9xito&#8221; title_text_color=&#8221;#0023ef&#8221; form_field_text_color=&#8221;#0216f2&#8243; title_font=&#8221;|on|||&#8221;] [et_pb_contact_field field_title=&#8221;Nome&#8221; field_type=&#8221;input&#8221; field_id=&#8221;Name&#8221; required_mark=&#8221;on&#8221; fullwidth_field=&#8221;off&#8221; form_field_font_select=&#8221;default&#8221; form_field_font=&#8221;||||&#8221; use_border_color=&#8221;off&#8221; border_style=&#8221;solid&#8221; form_field_font_size=&#8221;16&#8243; form_field_font_size_tablet=&#8221;16&#8243; form_field_font_size_phone=&#8221;16&#8243;] [\/et_pb_contact_field][et_pb_contact_field field_title=&#8221;Enderezo electr\u00f3nico&#8221; field_type=&#8221;email&#8221; field_id=&#8221;Email&#8221; required_mark=&#8221;on&#8221; fullwidth_field=&#8221;off&#8221; form_field_font_select=&#8221;default&#8221; form_field_font=&#8221;||||&#8221; use_border_color=&#8221;off&#8221; border_style=&#8221;solid&#8221; form_field_font_size=&#8221;16&#8243; form_field_font_size_tablet=&#8221;16&#8243; form_field_font_size_phone=&#8221;16&#8243;] [\/et_pb_contact_field][et_pb_contact_field field_title=&#8221;Mensaxe&#8221; field_type=&#8221;text&#8221; field_id=&#8221;Message&#8221; required_mark=&#8221;on&#8221; fullwidth_field=&#8221;on&#8221; form_field_font_select=&#8221;default&#8221; form_field_font=&#8221;||||&#8221; use_border_color=&#8221;off&#8221; border_style=&#8221;solid&#8221; form_field_font_size=&#8221;16&#8243; form_field_font_size_tablet=&#8221;16&#8243; form_field_font_size_phone=&#8221;16&#8243;] [\/et_pb_contact_field] [\/et_pb_contact_form][et_pb_divider admin_label=&#8221;Separador&#8221; color=&#8221;#ffffff&#8221; show_divider=&#8221;off&#8221; divider_style=&#8221;solid&#8221; divider_position=&#8221;top&#8221; hide_on_mobile=&#8221;on&#8221;] [\/et_pb_divider][et_pb_divider admin_label=&#8221;Separador&#8221; color=&#8221;#ffffff&#8221; show_divider=&#8221;off&#8221; divider_style=&#8221;solid&#8221; divider_position=&#8221;top&#8221; hide_on_mobile=&#8221;on&#8221;] [\/et_pb_divider][\/et_pb_column][\/et_pb_row][\/et_pb_section]<\/p>\n","protected":false},"excerpt":{"rendered":"<p>[et_pb_section admin_label=&#8221;section&#8221; background_image=&#8221;http:\/\/culturaliagz.com\/wp-content\/uploads\/2016\/12\/IMG_1653.jpg&#8221; transparent_background=&#8221;off&#8221; allow_player_pause=&#8221;off&#8221; inner_shadow=&#8221;off&#8221; parallax=&#8221;off&#8221; parallax_method=&#8221;off&#8221; padding_mobile=&#8221;off&#8221; make_fullwidth=&#8221;off&#8221; use_custom_width=&#8221;off&#8221; width_unit=&#8221;on&#8221; make_equal=&#8221;off&#8221; use_custom_gutter=&#8221;off&#8221;][et_pb_row admin_label=&#8221;row&#8221;][et_pb_column type=&#8221;4_4&#8243;][et_pb_text admin_label=&#8221;Texto&#8221; background_layout=&#8221;dark&#8221; text_orientation=&#8221;left&#8221; use_border_color=&#8221;off&#8221; border_color=&#8221;#ffffff&#8221; border_style=&#8221;solid&#8221; header_font=&#8221;Indie Flower||||&#8221; header_text_color=&#8221;#0c71c3&#8243; text_text_color=&#8221;#0c00ff&#8221; custom_css_main_element=&#8221;background-color: #E0ECFF;||color: #3E3EFF;||opacity: 0.9;||height: [&hellip;]<\/p>\n","protected":false},"author":1,"featured_media":0,"parent":0,"menu_order":0,"comment_status":"closed","ping_status":"closed","template":"","meta":{"_et_pb_use_builder":"on","_et_pb_old_content":"","_et_gb_content_width":"","footnotes":""},"class_list":["post-99","page","type-page","status-publish","hentry"],"jetpack_sharing_enabled":true,"_links":{"self":[{"href":"http:\/\/culturaliagz.com\/index.php?rest_route=\/wp\/v2\/pages\/99","targetHints":{"allow":["GET"]}}],"collection":[{"href":"http:\/\/culturaliagz.com\/index.php?rest_route=\/wp\/v2\/pages"}],"about":[{"href":"http:\/\/culturaliagz.com\/index.php?rest_route=\/wp\/v2\/types\/page"}],"author":[{"embeddable":true,"href":"http:\/\/culturaliagz.com\/index.php?rest_route=\/wp\/v2\/users\/1"}],"replies":[{"embeddable":true,"href":"http:\/\/culturaliagz.com\/index.php?rest_route=%2Fwp%2Fv2%2Fcomments&post=99"}],"version-history":[{"count":16,"href":"http:\/\/culturaliagz.com\/index.php?rest_route=\/wp\/v2\/pages\/99\/revisions"}],"predecessor-version":[{"id":322,"href":"http:\/\/culturaliagz.com\/index.php?rest_route=\/wp\/v2\/pages\/99\/revisions\/322"}],"wp:attachment":[{"href":"http:\/\/culturaliagz.com\/index.php?rest_route=%2Fwp%2Fv2%2Fmedia&parent=99"}],"curies":[{"name":"wp","href":"https:\/\/api.w.org\/{rel}","templated":true}]}}